{"id":608,"date":"2016-09-13T15:08:08","date_gmt":"2016-09-13T19:08:08","guid":{"rendered":"http:\/\/simon.wps.dev\/fr\/resources\/"},"modified":"2017-01-14T22:12:14","modified_gmt":"2017-01-15T03:12:14","slug":"resources","status":"publish","type":"page","link":"https:\/\/mortgagebrokertrishpigott.com\/fr\/about\/resources\/","title":{"rendered":"RESSOURCES"},"content":{"rendered":"<h2>Hypoth\u00e8que, Finance &amp; Immobilier<\/h2>\n<ul>\n<li><a href=\"http:\/\/www.banqueducanada.ca\" rel=\"external\">Banque du Canada<\/a>\n<li><a href=\"https:\/\/www.mortgageproscan.ca\/fr\/\" rel=\"external\">PROFESSIONNELS HYPOTH\u00c9CAIRES DU CANADA<\/a><\/li>\n<li><a href=\"http:\/\/www.cmhc.ca\/fr\/index.cfm\" rel=\"external\">Soci\u00e9t\u00e9 Canadienne d&#8217;hypoth\u00e8ques et de logement<\/a><\/li>\n<li><a href=\"http:\/\/www.genworth.ca\/fr\/index.aspx\" rel=\"external\">Genworth Financial Canada<\/a><\/li>\n<li><a href=\"http:\/\/www.cra-arc.gc.ca\/menu-fra.html\" rel=\"external\">Agence de revenu du Canada<\/a><\/li>\n<li><a href=\"http:\/\/www.cahpi.ca\/fr.html\" rel=\"external\">L&#8217;association Canadienne des inspecteurs de biens immobilier<\/a><\/li>\n<\/ul>\n","protected":false},"excerpt":{"rendered":"<p>Hypoth\u00e8que, Finance &amp; Immobilier Banque du Canada PROFESSIONNELS HYPOTH\u00c9CAIRES DU CANADA Soci\u00e9t\u00e9 Canadienne d&#8217;hypoth\u00e8ques et de logement Genworth Financial Canada Agence de revenu du Canada L&#8217;association Canadienne des inspecteurs de biens immobilier<\/p>\n","protected":false},"author":1,"featured_media":531,"parent":626,"menu_order":0,"comment_status":"closed","ping_status":"closed","template":"","meta":[],"yoast_head":"<!-- This site is optimized with the Yoast SEO plugin v17.1 - https:\/\/yoast.com\/wordpress\/plugins\/seo\/ -->\n<meta name=\"description\" content=\"Pitt Meadows Mortgage Broker, Maple Ridge Mortgage Broker, Pitt Meadows Mortgage Brokerage, Maple Ridge Mortgage Brokerage, Mortgage Rates, Pitt Meadows Mortgage, Maple Ridge Mortgage, mortgage broker pitt meadows, pitt meadows mortgage brokers, pitt meadows home finance, pitt meadows mortgage rates, home buyer pitt meadows, pre-approval pitt meadows, pitt meadows financing expert, pitt meadows refinance, pitt meadows second mortgage, support local, first responder program, lowest mortgage rates, mortgage rates, dominion lending\" \/>\n<meta name=\"robots\" content=\"index, follow, max-snippet:-1, max-image-preview:large, max-video-preview:-1\" \/>\n<link rel=\"canonical\" href=\"https:\/\/mortgagebrokertrishpigott.com\/fr\/about\/resources\/\" \/>\n<meta property=\"og:locale\" content=\"fr_FR\" \/>\n<meta property=\"og:type\" content=\"article\" \/>\n<meta property=\"og:title\" content=\"RESSOURCES - Centres Hypoth\u00e9caires Dominion\" \/>\n<meta property=\"og:description\" content=\"Pitt Meadows Mortgage Broker, Maple Ridge Mortgage Broker, Pitt Meadows Mortgage Brokerage, Maple Ridge Mortgage Brokerage, Mortgage Rates, Pitt Meadows Mortgage, Maple Ridge Mortgage, mortgage broker pitt meadows, pitt meadows mortgage brokers, pitt meadows home finance, pitt meadows mortgage rates, home buyer pitt meadows, pre-approval pitt meadows, pitt meadows financing expert, pitt meadows refinance, pitt meadows second mortgage, support local, first responder program, lowest mortgage rates, mortgage rates, dominion lending\" \/>\n<meta property=\"og:url\" content=\"https:\/\/mortgagebrokertrishpigott.com\/fr\/about\/resources\/\" \/>\n<meta property=\"og:site_name\" content=\"Centres Hypoth\u00e9caires Dominion\" \/>\n<meta property=\"article:modified_time\" content=\"2017-01-15T03:12:14+00:00\" \/>\n<meta property=\"og:image\" content=\"https:\/\/mortgagebrokertrishpigott.com\/wp-content\/uploads\/2016\/09\/resources.jpg\" \/>\n\t<meta property=\"og:image:width\" content=\"1200\" \/>\n\t<meta property=\"og:image:height\" content=\"611\" \/>\n<meta name=\"twitter:card\" content=\"summary\" \/>\n<script type=\"application\/ld+json\" class=\"yoast-schema-graph\">{\"@context\":\"https:\/\/schema.org\",\"@graph\":[{\"@type\":\"WebSite\",\"@id\":\"https:\/\/mortgagebrokertrishpigott.com\/#website\",\"url\":\"https:\/\/mortgagebrokertrishpigott.com\/\",\"name\":\"Centres Hypoth\\u00e9caires Dominion\",\"description\":\"Just another WordPress site\",\"potentialAction\":[{\"@type\":\"SearchAction\",\"target\":{\"@type\":\"EntryPoint\",\"urlTemplate\":\"https:\/\/mortgagebrokertrishpigott.com\/?s={search_term_string}\"},\"query-input\":\"required name=search_term_string\"}],\"inLanguage\":\"fr-FR\"},{\"@type\":\"ImageObject\",\"@id\":\"https:\/\/mortgagebrokertrishpigott.com\/fr\/about\/resources\/#primaryimage\",\"inLanguage\":\"fr-FR\",\"url\":\"https:\/\/mortgagebrokertrishpigott.com\/wp-content\/uploads\/2016\/09\/resources.jpg\",\"contentUrl\":\"https:\/\/mortgagebrokertrishpigott.com\/wp-content\/uploads\/2016\/09\/resources.jpg\",\"width\":1200,\"height\":611},{\"@type\":\"WebPage\",\"@id\":\"https:\/\/mortgagebrokertrishpigott.com\/fr\/about\/resources\/#webpage\",\"url\":\"https:\/\/mortgagebrokertrishpigott.com\/fr\/about\/resources\/\",\"name\":\"RESSOURCES - Centres Hypoth\\u00e9caires Dominion\",\"isPartOf\":{\"@id\":\"https:\/\/mortgagebrokertrishpigott.com\/#website\"},\"primaryImageOfPage\":{\"@id\":\"https:\/\/mortgagebrokertrishpigott.com\/fr\/about\/resources\/#primaryimage\"},\"datePublished\":\"2016-09-13T19:08:08+00:00\",\"dateModified\":\"2017-01-15T03:12:14+00:00\",\"description\":\"Pitt Meadows Mortgage Broker, Maple Ridge Mortgage Broker, Pitt Meadows Mortgage Brokerage, Maple Ridge Mortgage Brokerage, Mortgage Rates, Pitt Meadows Mortgage, Maple Ridge Mortgage, mortgage broker pitt meadows, pitt meadows mortgage brokers, pitt meadows home finance, pitt meadows mortgage rates, home buyer pitt meadows, pre-approval pitt meadows, pitt meadows financing expert, pitt meadows refinance, pitt meadows second mortgage, support local, first responder program, lowest mortgage rates, mortgage rates, dominion lending\",\"breadcrumb\":{\"@id\":\"https:\/\/mortgagebrokertrishpigott.com\/fr\/about\/resources\/#breadcrumb\"},\"inLanguage\":\"fr-FR\",\"potentialAction\":[{\"@type\":\"ReadAction\",\"target\":[\"https:\/\/mortgagebrokertrishpigott.com\/fr\/about\/resources\/\"]}]},{\"@type\":\"BreadcrumbList\",\"@id\":\"https:\/\/mortgagebrokertrishpigott.com\/fr\/about\/resources\/#breadcrumb\",\"itemListElement\":[{\"@type\":\"ListItem\",\"position\":1,\"name\":\"Home\",\"item\":\"https:\/\/mortgagebrokertrishpigott.com\/fr\/\"},{\"@type\":\"ListItem\",\"position\":2,\"name\":\"Master About\",\"item\":\"https:\/\/mortgagebrokertrishpigott.com\/fr\/about\/\"},{\"@type\":\"ListItem\",\"position\":3,\"name\":\"RESSOURCES\"}]}]}<\/script>\n<!-- \/ Yoast SEO plugin. -->","yoast_head_json":{"description":"Pitt Meadows Mortgage Broker, Maple Ridge Mortgage Broker, Pitt Meadows Mortgage Brokerage, Maple Ridge Mortgage Brokerage, Mortgage Rates, Pitt Meadows Mortgage, Maple Ridge Mortgage, mortgage broker pitt meadows, pitt meadows mortgage brokers, pitt meadows home finance, pitt meadows mortgage rates, home buyer pitt meadows, pre-approval pitt meadows, pitt meadows financing expert, pitt meadows refinance, pitt meadows second mortgage, support local, first responder program, lowest mortgage rates, mortgage rates, dominion lending","robots":{"index":"index","follow":"follow","max-snippet":"max-snippet:-1","max-image-preview":"max-image-preview:large","max-video-preview":"max-video-preview:-1"},"canonical":"https:\/\/mortgagebrokertrishpigott.com\/fr\/about\/resources\/","og_locale":"fr_FR","og_type":"article","og_title":"RESSOURCES - Centres Hypoth\u00e9caires Dominion","og_description":"Pitt Meadows Mortgage Broker, Maple Ridge Mortgage Broker, Pitt Meadows Mortgage Brokerage, Maple Ridge Mortgage Brokerage, Mortgage Rates, Pitt Meadows Mortgage, Maple Ridge Mortgage, mortgage broker pitt meadows, pitt meadows mortgage brokers, pitt meadows home finance, pitt meadows mortgage rates, home buyer pitt meadows, pre-approval pitt meadows, pitt meadows financing expert, pitt meadows refinance, pitt meadows second mortgage, support local, first responder program, lowest mortgage rates, mortgage rates, dominion lending","og_url":"https:\/\/mortgagebrokertrishpigott.com\/fr\/about\/resources\/","og_site_name":"Centres Hypoth\u00e9caires Dominion","article_modified_time":"2017-01-15T03:12:14+00:00","og_image":[{"width":1200,"height":611,"url":"https:\/\/mortgagebrokertrishpigott.com\/wp-content\/uploads\/2016\/09\/resources.jpg","path":"\/var\/www\/sites\/wps\/sites\/code\/wp-content\/uploads\/2016\/09\/resources.jpg","size":"full","id":531,"alt":"","pixels":733200,"type":"image\/jpeg"}],"twitter_card":"summary","schema":{"@context":"https:\/\/schema.org","@graph":[{"@type":"WebSite","@id":"https:\/\/mortgagebrokertrishpigott.com\/#website","url":"https:\/\/mortgagebrokertrishpigott.com\/","name":"Centres Hypoth\u00e9caires Dominion","description":"Just another WordPress site","potentialAction":[{"@type":"SearchAction","target":{"@type":"EntryPoint","urlTemplate":"https:\/\/mortgagebrokertrishpigott.com\/?s={search_term_string}"},"query-input":"required name=search_term_string"}],"inLanguage":"fr-FR"},{"@type":"ImageObject","@id":"https:\/\/mortgagebrokertrishpigott.com\/fr\/about\/resources\/#primaryimage","inLanguage":"fr-FR","url":"https:\/\/mortgagebrokertrishpigott.com\/wp-content\/uploads\/2016\/09\/resources.jpg","contentUrl":"https:\/\/mortgagebrokertrishpigott.com\/wp-content\/uploads\/2016\/09\/resources.jpg","width":1200,"height":611},{"@type":"WebPage","@id":"https:\/\/mortgagebrokertrishpigott.com\/fr\/about\/resources\/#webpage","url":"https:\/\/mortgagebrokertrishpigott.com\/fr\/about\/resources\/","name":"RESSOURCES - Centres Hypoth\u00e9caires Dominion","isPartOf":{"@id":"https:\/\/mortgagebrokertrishpigott.com\/#website"},"primaryImageOfPage":{"@id":"https:\/\/mortgagebrokertrishpigott.com\/fr\/about\/resources\/#primaryimage"},"datePublished":"2016-09-13T19:08:08+00:00","dateModified":"2017-01-15T03:12:14+00:00","description":"Pitt Meadows Mortgage Broker, Maple Ridge Mortgage Broker, Pitt Meadows Mortgage Brokerage, Maple Ridge Mortgage Brokerage, Mortgage Rates, Pitt Meadows Mortgage, Maple Ridge Mortgage, mortgage broker pitt meadows, pitt meadows mortgage brokers, pitt meadows home finance, pitt meadows mortgage rates, home buyer pitt meadows, pre-approval pitt meadows, pitt meadows financing expert, pitt meadows refinance, pitt meadows second mortgage, support local, first responder program, lowest mortgage rates, mortgage rates, dominion lending","breadcrumb":{"@id":"https:\/\/mortgagebrokertrishpigott.com\/fr\/about\/resources\/#breadcrumb"},"inLanguage":"fr-FR","potentialAction":[{"@type":"ReadAction","target":["https:\/\/mortgagebrokertrishpigott.com\/fr\/about\/resources\/"]}]},{"@type":"BreadcrumbList","@id":"https:\/\/mortgagebrokertrishpigott.com\/fr\/about\/resources\/#breadcrumb","itemListElement":[{"@type":"ListItem","position":1,"name":"Home","item":"https:\/\/mortgagebrokertrishpigott.com\/fr\/"},{"@type":"ListItem","position":2,"name":"Master About","item":"https:\/\/mortgagebrokertrishpigott.com\/fr\/about\/"},{"@type":"ListItem","position":3,"name":"RESSOURCES"}]}]}},"_links":{"self":[{"href":"https:\/\/mortgagebrokertrishpigott.com\/fr\/wp-json\/wp\/v2\/pages\/608"}],"collection":[{"href":"https:\/\/mortgagebrokertrishpigott.com\/fr\/wp-json\/wp\/v2\/pages"}],"about":[{"href":"https:\/\/mortgagebrokertrishpigott.com\/fr\/wp-json\/wp\/v2\/types\/page"}],"author":[{"embeddable":true,"href":"https:\/\/mortgagebrokertrishpigott.com\/fr\/wp-json\/wp\/v2\/users\/1"}],"replies":[{"embeddable":true,"href":"https:\/\/mortgagebrokertrishpigott.com\/fr\/wp-json\/wp\/v2\/comments?post=608"}],"version-history":[{"count":1,"href":"https:\/\/mortgagebrokertrishpigott.com\/fr\/wp-json\/wp\/v2\/pages\/608\/revisions"}],"predecessor-version":[{"id":888,"href":"https:\/\/mortgagebrokertrishpigott.com\/fr\/wp-json\/wp\/v2\/pages\/608\/revisions\/888"}],"up":[{"embeddable":true,"href":"https:\/\/mortgagebrokertrishpigott.com\/fr\/wp-json\/wp\/v2\/pages\/626"}],"wp:featuredmedia":[{"embeddable":true,"href":"https:\/\/mortgagebrokertrishpigott.com\/fr\/wp-json\/wp\/v2\/media\/531"}],"wp:attachment":[{"href":"https:\/\/mortgagebrokertrishpigott.com\/fr\/wp-json\/wp\/v2\/media?parent=608"}],"curies":[{"name":"wp","href":"https:\/\/api.w.org\/{rel}","templated":true}]}}