{"id":614,"date":"2016-09-13T14:59:00","date_gmt":"2016-09-13T18:59:00","guid":{"rendered":"http:\/\/simon.wps.dev\/fr\/how-to-apply\/"},"modified":"2017-01-14T22:49:11","modified_gmt":"2017-01-15T03:49:11","slug":"how-to-apply","status":"publish","type":"page","link":"https:\/\/mortgagebrokertrishpigott.com\/fr\/how-to-apply\/","title":{"rendered":"POUR PR\u00c9SENTER UNE DEMANDE"},"content":{"rendered":"","protected":false},"excerpt":{"rendered":"<p>Faire une demande de pr\u00eat hypoth\u00e9caire ne pourrait \u00eatre plus facile. Vous n\u2019avez qu\u2019\u00e0 remplir notre demande s\u00e9curis\u00e9e et nous communiquerons avec vous sous peu<\/p>\n","protected":false},"author":1,"featured_media":0,"parent":0,"menu_order":0,"comment_status":"closed","ping_status":"closed","template":"","meta":[],"yoast_head":"<!-- This site is optimized with the Yoast SEO plugin v17.1 - https:\/\/yoast.com\/wordpress\/plugins\/seo\/ -->\n<meta name=\"description\" content=\"Pitt Meadows Mortgage Broker, Maple Ridge Mortgage Broker, Pitt Meadows Mortgage Brokerage, Maple Ridge Mortgage Brokerage, Mortgage Rates, Pitt Meadows Mortgage, Maple Ridge Mortgage, mortgage broker pitt meadows, pitt meadows mortgage brokers, pitt meadows home finance, pitt meadows mortgage rates, home buyer pitt meadows, pre-approval pitt meadows, pitt meadows financing expert, pitt meadows refinance, pitt meadows second mortgage, support local, first responder program, lowest mortgage rates, mortgage rates, dominion lending\" \/>\n<meta name=\"robots\" content=\"index, follow, max-snippet:-1, max-image-preview:large, max-video-preview:-1\" \/>\n<link rel=\"canonical\" href=\"https:\/\/mortgagebrokertrishpigott.com\/fr\/how-to-apply\/\" \/>\n<meta property=\"og:locale\" content=\"fr_FR\" \/>\n<meta property=\"og:type\" content=\"article\" \/>\n<meta property=\"og:title\" content=\"POUR PR\u00c9SENTER UNE DEMANDE - Centres Hypoth\u00e9caires Dominion\" \/>\n<meta property=\"og:description\" content=\"Pitt Meadows Mortgage Broker, Maple Ridge Mortgage Broker, Pitt Meadows Mortgage Brokerage, Maple Ridge Mortgage Brokerage, Mortgage Rates, Pitt Meadows Mortgage, Maple Ridge Mortgage, mortgage broker pitt meadows, pitt meadows mortgage brokers, pitt meadows home finance, pitt meadows mortgage rates, home buyer pitt meadows, pre-approval pitt meadows, pitt meadows financing expert, pitt meadows refinance, pitt meadows second mortgage, support local, first responder program, lowest mortgage rates, mortgage rates, dominion lending\" \/>\n<meta property=\"og:url\" content=\"https:\/\/mortgagebrokertrishpigott.com\/fr\/how-to-apply\/\" \/>\n<meta property=\"og:site_name\" content=\"Centres Hypoth\u00e9caires Dominion\" \/>\n<meta property=\"article:modified_time\" content=\"2017-01-15T03:49:11+00:00\" \/>\n<meta name=\"twitter:card\" content=\"summary\" \/>\n<script type=\"application\/ld+json\" class=\"yoast-schema-graph\">{\"@context\":\"https:\/\/schema.org\",\"@graph\":[{\"@type\":\"WebSite\",\"@id\":\"https:\/\/mortgagebrokertrishpigott.com\/#website\",\"url\":\"https:\/\/mortgagebrokertrishpigott.com\/\",\"name\":\"Centres Hypoth\\u00e9caires Dominion\",\"description\":\"Just another WordPress site\",\"potentialAction\":[{\"@type\":\"SearchAction\",\"target\":{\"@type\":\"EntryPoint\",\"urlTemplate\":\"https:\/\/mortgagebrokertrishpigott.com\/?s={search_term_string}\"},\"query-input\":\"required name=search_term_string\"}],\"inLanguage\":\"fr-FR\"},{\"@type\":\"WebPage\",\"@id\":\"https:\/\/mortgagebrokertrishpigott.com\/fr\/how-to-apply\/#webpage\",\"url\":\"https:\/\/mortgagebrokertrishpigott.com\/fr\/how-to-apply\/\",\"name\":\"POUR PR\\u00c9SENTER UNE DEMANDE - Centres Hypoth\\u00e9caires Dominion\",\"isPartOf\":{\"@id\":\"https:\/\/mortgagebrokertrishpigott.com\/#website\"},\"datePublished\":\"2016-09-13T18:59:00+00:00\",\"dateModified\":\"2017-01-15T03:49:11+00:00\",\"description\":\"Pitt Meadows Mortgage Broker, Maple Ridge Mortgage Broker, Pitt Meadows Mortgage Brokerage, Maple Ridge Mortgage Brokerage, Mortgage Rates, Pitt Meadows Mortgage, Maple Ridge Mortgage, mortgage broker pitt meadows, pitt meadows mortgage brokers, pitt meadows home finance, pitt meadows mortgage rates, home buyer pitt meadows, pre-approval pitt meadows, pitt meadows financing expert, pitt meadows refinance, pitt meadows second mortgage, support local, first responder program, lowest mortgage rates, mortgage rates, dominion lending\",\"breadcrumb\":{\"@id\":\"https:\/\/mortgagebrokertrishpigott.com\/fr\/how-to-apply\/#breadcrumb\"},\"inLanguage\":\"fr-FR\",\"potentialAction\":[{\"@type\":\"ReadAction\",\"target\":[\"https:\/\/mortgagebrokertrishpigott.com\/fr\/how-to-apply\/\"]}]},{\"@type\":\"BreadcrumbList\",\"@id\":\"https:\/\/mortgagebrokertrishpigott.com\/fr\/how-to-apply\/#breadcrumb\",\"itemListElement\":[{\"@type\":\"ListItem\",\"position\":1,\"name\":\"Home\",\"item\":\"https:\/\/mortgagebrokertrishpigott.com\/fr\/\"},{\"@type\":\"ListItem\",\"position\":2,\"name\":\"POUR PR\\u00c9SENTER UNE DEMANDE\"}]}]}<\/script>\n<!-- \/ Yoast SEO plugin. -->","yoast_head_json":{"description":"Pitt Meadows Mortgage Broker, Maple Ridge Mortgage Broker, Pitt Meadows Mortgage Brokerage, Maple Ridge Mortgage Brokerage, Mortgage Rates, Pitt Meadows Mortgage, Maple Ridge Mortgage, mortgage broker pitt meadows, pitt meadows mortgage brokers, pitt meadows home finance, pitt meadows mortgage rates, home buyer pitt meadows, pre-approval pitt meadows, pitt meadows financing expert, pitt meadows refinance, pitt meadows second mortgage, support local, first responder program, lowest mortgage rates, mortgage rates, dominion lending","robots":{"index":"index","follow":"follow","max-snippet":"max-snippet:-1","max-image-preview":"max-image-preview:large","max-video-preview":"max-video-preview:-1"},"canonical":"https:\/\/mortgagebrokertrishpigott.com\/fr\/how-to-apply\/","og_locale":"fr_FR","og_type":"article","og_title":"POUR PR\u00c9SENTER UNE DEMANDE - Centres Hypoth\u00e9caires Dominion","og_description":"Pitt Meadows Mortgage Broker, Maple Ridge Mortgage Broker, Pitt Meadows Mortgage Brokerage, Maple Ridge Mortgage Brokerage, Mortgage Rates, Pitt Meadows Mortgage, Maple Ridge Mortgage, mortgage broker pitt meadows, pitt meadows mortgage brokers, pitt meadows home finance, pitt meadows mortgage rates, home buyer pitt meadows, pre-approval pitt meadows, pitt meadows financing expert, pitt meadows refinance, pitt meadows second mortgage, support local, first responder program, lowest mortgage rates, mortgage rates, dominion lending","og_url":"https:\/\/mortgagebrokertrishpigott.com\/fr\/how-to-apply\/","og_site_name":"Centres Hypoth\u00e9caires Dominion","article_modified_time":"2017-01-15T03:49:11+00:00","twitter_card":"summary","schema":{"@context":"https:\/\/schema.org","@graph":[{"@type":"WebSite","@id":"https:\/\/mortgagebrokertrishpigott.com\/#website","url":"https:\/\/mortgagebrokertrishpigott.com\/","name":"Centres Hypoth\u00e9caires Dominion","description":"Just another WordPress site","potentialAction":[{"@type":"SearchAction","target":{"@type":"EntryPoint","urlTemplate":"https:\/\/mortgagebrokertrishpigott.com\/?s={search_term_string}"},"query-input":"required name=search_term_string"}],"inLanguage":"fr-FR"},{"@type":"WebPage","@id":"https:\/\/mortgagebrokertrishpigott.com\/fr\/how-to-apply\/#webpage","url":"https:\/\/mortgagebrokertrishpigott.com\/fr\/how-to-apply\/","name":"POUR PR\u00c9SENTER UNE DEMANDE - Centres Hypoth\u00e9caires Dominion","isPartOf":{"@id":"https:\/\/mortgagebrokertrishpigott.com\/#website"},"datePublished":"2016-09-13T18:59:00+00:00","dateModified":"2017-01-15T03:49:11+00:00","description":"Pitt Meadows Mortgage Broker, Maple Ridge Mortgage Broker, Pitt Meadows Mortgage Brokerage, Maple Ridge Mortgage Brokerage, Mortgage Rates, Pitt Meadows Mortgage, Maple Ridge Mortgage, mortgage broker pitt meadows, pitt meadows mortgage brokers, pitt meadows home finance, pitt meadows mortgage rates, home buyer pitt meadows, pre-approval pitt meadows, pitt meadows financing expert, pitt meadows refinance, pitt meadows second mortgage, support local, first responder program, lowest mortgage rates, mortgage rates, dominion lending","breadcrumb":{"@id":"https:\/\/mortgagebrokertrishpigott.com\/fr\/how-to-apply\/#breadcrumb"},"inLanguage":"fr-FR","potentialAction":[{"@type":"ReadAction","target":["https:\/\/mortgagebrokertrishpigott.com\/fr\/how-to-apply\/"]}]},{"@type":"BreadcrumbList","@id":"https:\/\/mortgagebrokertrishpigott.com\/fr\/how-to-apply\/#breadcrumb","itemListElement":[{"@type":"ListItem","position":1,"name":"Home","item":"https:\/\/mortgagebrokertrishpigott.com\/fr\/"},{"@type":"ListItem","position":2,"name":"POUR PR\u00c9SENTER UNE DEMANDE"}]}]}},"_links":{"self":[{"href":"https:\/\/mortgagebrokertrishpigott.com\/fr\/wp-json\/wp\/v2\/pages\/614"}],"collection":[{"href":"https:\/\/mortgagebrokertrishpigott.com\/fr\/wp-json\/wp\/v2\/pages"}],"about":[{"href":"https:\/\/mortgagebrokertrishpigott.com\/fr\/wp-json\/wp\/v2\/types\/page"}],"author":[{"embeddable":true,"href":"https:\/\/mortgagebrokertrishpigott.com\/fr\/wp-json\/wp\/v2\/users\/1"}],"replies":[{"embeddable":true,"href":"https:\/\/mortgagebrokertrishpigott.com\/fr\/wp-json\/wp\/v2\/comments?post=614"}],"version-history":[{"count":2,"href":"https:\/\/mortgagebrokertrishpigott.com\/fr\/wp-json\/wp\/v2\/pages\/614\/revisions"}],"predecessor-version":[{"id":921,"href":"https:\/\/mortgagebrokertrishpigott.com\/fr\/wp-json\/wp\/v2\/pages\/614\/revisions\/921"}],"wp:attachment":[{"href":"https:\/\/mortgagebrokertrishpigott.com\/fr\/wp-json\/wp\/v2\/media?parent=614"}],"curies":[{"name":"wp","href":"https:\/\/api.w.org\/{rel}","templated":true}]}}