{"id":623,"date":"2016-09-13T14:53:48","date_gmt":"2016-09-13T18:53:48","guid":{"rendered":"http:\/\/simon.wps.dev\/fr\/mortgage-professional-cost\/"},"modified":"2017-01-14T23:07:52","modified_gmt":"2017-01-15T04:07:52","slug":"mortgage-professional-cost","status":"publish","type":"page","link":"https:\/\/mortgagebrokertrishpigott.com\/fr\/mortgages\/mortgage-professional-cost\/","title":{"rendered":"QUEL EN EST LE CO\u00dbT"},"content":{"rendered":"<p>De la premi\u00e8re consultation jusqu\u2019\u00e0 la signature de votre pr\u00eat hypoth\u00e9caire, leurs services sont g\u00e9n\u00e9ralement gratuits, \u00e9tant r\u00e9mun\u00e9r\u00e9s par les pr\u00eateurs. Seuls les dossiers demandant une attention tr\u00e8s complexe, peuvent exiger certains frais de dossier.<\/p>\n","protected":false},"excerpt":{"rendered":"<p>Contrairement aux institutions financi\u00e8res, les courtiers hypoth\u00e9caires travaillent pour vous, et ce, dans votre meilleur int\u00e9r\u00eat.<\/p>\n","protected":false},"author":1,"featured_media":504,"parent":629,"menu_order":0,"comment_status":"closed","ping_status":"closed","template":"","meta":[],"yoast_head":"<!-- This site is optimized with the Yoast SEO plugin v17.1 - https:\/\/yoast.com\/wordpress\/plugins\/seo\/ -->\n<meta name=\"description\" content=\"Pitt Meadows Mortgage Broker, Maple Ridge Mortgage Broker, Pitt Meadows Mortgage Brokerage, Maple Ridge Mortgage Brokerage, Mortgage Rates, Pitt Meadows Mortgage, Maple Ridge Mortgage, mortgage broker pitt meadows, pitt meadows mortgage brokers, pitt meadows home finance, pitt meadows mortgage rates, home buyer pitt meadows, pre-approval pitt meadows, pitt meadows financing expert, pitt meadows refinance, pitt meadows second mortgage, support local, first responder program, lowest mortgage rates, mortgage rates, dominion lending\" \/>\n<meta name=\"robots\" content=\"index, follow, max-snippet:-1, max-image-preview:large, max-video-preview:-1\" \/>\n<link rel=\"canonical\" href=\"https:\/\/mortgagebrokertrishpigott.com\/fr\/mortgages\/mortgage-professional-cost\/\" \/>\n<meta property=\"og:locale\" content=\"fr_FR\" \/>\n<meta property=\"og:type\" content=\"article\" \/>\n<meta property=\"og:title\" content=\"QUEL EN EST LE CO\u00dbT - Centres Hypoth\u00e9caires Dominion\" \/>\n<meta property=\"og:description\" content=\"Pitt Meadows Mortgage Broker, Maple Ridge Mortgage Broker, Pitt Meadows Mortgage Brokerage, Maple Ridge Mortgage Brokerage, Mortgage Rates, Pitt Meadows Mortgage, Maple Ridge Mortgage, mortgage broker pitt meadows, pitt meadows mortgage brokers, pitt meadows home finance, pitt meadows mortgage rates, home buyer pitt meadows, pre-approval pitt meadows, pitt meadows financing expert, pitt meadows refinance, pitt meadows second mortgage, support local, first responder program, lowest mortgage rates, mortgage rates, dominion lending\" \/>\n<meta property=\"og:url\" content=\"https:\/\/mortgagebrokertrishpigott.com\/fr\/mortgages\/mortgage-professional-cost\/\" \/>\n<meta property=\"og:site_name\" content=\"Centres Hypoth\u00e9caires Dominion\" \/>\n<meta property=\"article:modified_time\" content=\"2017-01-15T04:07:52+00:00\" \/>\n<meta property=\"og:image\" content=\"https:\/\/mortgagebrokertrishpigott.com\/wp-content\/uploads\/2016\/09\/how-much-does-it-cost.jpg\" \/>\n\t<meta property=\"og:image:width\" content=\"723\" \/>\n\t<meta property=\"og:image:height\" content=\"200\" \/>\n<meta name=\"twitter:card\" content=\"summary\" \/>\n<script type=\"application\/ld+json\" class=\"yoast-schema-graph\">{\"@context\":\"https:\/\/schema.org\",\"@graph\":[{\"@type\":\"WebSite\",\"@id\":\"https:\/\/mortgagebrokertrishpigott.com\/#website\",\"url\":\"https:\/\/mortgagebrokertrishpigott.com\/\",\"name\":\"Centres Hypoth\\u00e9caires Dominion\",\"description\":\"Just another WordPress site\",\"potentialAction\":[{\"@type\":\"SearchAction\",\"target\":{\"@type\":\"EntryPoint\",\"urlTemplate\":\"https:\/\/mortgagebrokertrishpigott.com\/?s={search_term_string}\"},\"query-input\":\"required name=search_term_string\"}],\"inLanguage\":\"fr-FR\"},{\"@type\":\"ImageObject\",\"@id\":\"https:\/\/mortgagebrokertrishpigott.com\/fr\/mortgages\/mortgage-professional-cost\/#primaryimage\",\"inLanguage\":\"fr-FR\",\"url\":\"https:\/\/mortgagebrokertrishpigott.com\/wp-content\/uploads\/2016\/09\/how-much-does-it-cost.jpg\",\"contentUrl\":\"https:\/\/mortgagebrokertrishpigott.com\/wp-content\/uploads\/2016\/09\/how-much-does-it-cost.jpg\",\"width\":723,\"height\":200},{\"@type\":\"WebPage\",\"@id\":\"https:\/\/mortgagebrokertrishpigott.com\/fr\/mortgages\/mortgage-professional-cost\/#webpage\",\"url\":\"https:\/\/mortgagebrokertrishpigott.com\/fr\/mortgages\/mortgage-professional-cost\/\",\"name\":\"QUEL EN EST LE CO\\u00dbT - Centres Hypoth\\u00e9caires Dominion\",\"isPartOf\":{\"@id\":\"https:\/\/mortgagebrokertrishpigott.com\/#website\"},\"primaryImageOfPage\":{\"@id\":\"https:\/\/mortgagebrokertrishpigott.com\/fr\/mortgages\/mortgage-professional-cost\/#primaryimage\"},\"datePublished\":\"2016-09-13T18:53:48+00:00\",\"dateModified\":\"2017-01-15T04:07:52+00:00\",\"description\":\"Pitt Meadows Mortgage Broker, Maple Ridge Mortgage Broker, Pitt Meadows Mortgage Brokerage, Maple Ridge Mortgage Brokerage, Mortgage Rates, Pitt Meadows Mortgage, Maple Ridge Mortgage, mortgage broker pitt meadows, pitt meadows mortgage brokers, pitt meadows home finance, pitt meadows mortgage rates, home buyer pitt meadows, pre-approval pitt meadows, pitt meadows financing expert, pitt meadows refinance, pitt meadows second mortgage, support local, first responder program, lowest mortgage rates, mortgage rates, dominion lending\",\"breadcrumb\":{\"@id\":\"https:\/\/mortgagebrokertrishpigott.com\/fr\/mortgages\/mortgage-professional-cost\/#breadcrumb\"},\"inLanguage\":\"fr-FR\",\"potentialAction\":[{\"@type\":\"ReadAction\",\"target\":[\"https:\/\/mortgagebrokertrishpigott.com\/fr\/mortgages\/mortgage-professional-cost\/\"]}]},{\"@type\":\"BreadcrumbList\",\"@id\":\"https:\/\/mortgagebrokertrishpigott.com\/fr\/mortgages\/mortgage-professional-cost\/#breadcrumb\",\"itemListElement\":[{\"@type\":\"ListItem\",\"position\":1,\"name\":\"Home\",\"item\":\"https:\/\/mortgagebrokertrishpigott.com\/fr\/\"},{\"@type\":\"ListItem\",\"position\":2,\"name\":\"Mortgages\",\"item\":\"https:\/\/mortgagebrokertrishpigott.com\/fr\/mortgages\/\"},{\"@type\":\"ListItem\",\"position\":3,\"name\":\"QUEL EN EST LE CO\\u00dbT\"}]}]}<\/script>\n<!-- \/ Yoast SEO plugin. -->","yoast_head_json":{"description":"Pitt Meadows Mortgage Broker, Maple Ridge Mortgage Broker, Pitt Meadows Mortgage Brokerage, Maple Ridge Mortgage Brokerage, Mortgage Rates, Pitt Meadows Mortgage, Maple Ridge Mortgage, mortgage broker pitt meadows, pitt meadows mortgage brokers, pitt meadows home finance, pitt meadows mortgage rates, home buyer pitt meadows, pre-approval pitt meadows, pitt meadows financing expert, pitt meadows refinance, pitt meadows second mortgage, support local, first responder program, lowest mortgage rates, mortgage rates, dominion lending","robots":{"index":"index","follow":"follow","max-snippet":"max-snippet:-1","max-image-preview":"max-image-preview:large","max-video-preview":"max-video-preview:-1"},"canonical":"https:\/\/mortgagebrokertrishpigott.com\/fr\/mortgages\/mortgage-professional-cost\/","og_locale":"fr_FR","og_type":"article","og_title":"QUEL EN EST LE CO\u00dbT - Centres Hypoth\u00e9caires Dominion","og_description":"Pitt Meadows Mortgage Broker, Maple Ridge Mortgage Broker, Pitt Meadows Mortgage Brokerage, Maple Ridge Mortgage Brokerage, Mortgage Rates, Pitt Meadows Mortgage, Maple Ridge Mortgage, mortgage broker pitt meadows, pitt meadows mortgage brokers, pitt meadows home finance, pitt meadows mortgage rates, home buyer pitt meadows, pre-approval pitt meadows, pitt meadows financing expert, pitt meadows refinance, pitt meadows second mortgage, support local, first responder program, lowest mortgage rates, mortgage rates, dominion lending","og_url":"https:\/\/mortgagebrokertrishpigott.com\/fr\/mortgages\/mortgage-professional-cost\/","og_site_name":"Centres Hypoth\u00e9caires Dominion","article_modified_time":"2017-01-15T04:07:52+00:00","og_image":[{"width":723,"height":200,"url":"https:\/\/mortgagebrokertrishpigott.com\/wp-content\/uploads\/2016\/09\/how-much-does-it-cost.jpg","path":"\/var\/www\/sites\/wps\/sites\/code\/wp-content\/uploads\/2016\/09\/how-much-does-it-cost.jpg","size":"full","id":504,"alt":"","pixels":144600,"type":"image\/jpeg"}],"twitter_card":"summary","schema":{"@context":"https:\/\/schema.org","@graph":[{"@type":"WebSite","@id":"https:\/\/mortgagebrokertrishpigott.com\/#website","url":"https:\/\/mortgagebrokertrishpigott.com\/","name":"Centres Hypoth\u00e9caires Dominion","description":"Just another WordPress site","potentialAction":[{"@type":"SearchAction","target":{"@type":"EntryPoint","urlTemplate":"https:\/\/mortgagebrokertrishpigott.com\/?s={search_term_string}"},"query-input":"required name=search_term_string"}],"inLanguage":"fr-FR"},{"@type":"ImageObject","@id":"https:\/\/mortgagebrokertrishpigott.com\/fr\/mortgages\/mortgage-professional-cost\/#primaryimage","inLanguage":"fr-FR","url":"https:\/\/mortgagebrokertrishpigott.com\/wp-content\/uploads\/2016\/09\/how-much-does-it-cost.jpg","contentUrl":"https:\/\/mortgagebrokertrishpigott.com\/wp-content\/uploads\/2016\/09\/how-much-does-it-cost.jpg","width":723,"height":200},{"@type":"WebPage","@id":"https:\/\/mortgagebrokertrishpigott.com\/fr\/mortgages\/mortgage-professional-cost\/#webpage","url":"https:\/\/mortgagebrokertrishpigott.com\/fr\/mortgages\/mortgage-professional-cost\/","name":"QUEL EN EST LE CO\u00dbT - Centres Hypoth\u00e9caires Dominion","isPartOf":{"@id":"https:\/\/mortgagebrokertrishpigott.com\/#website"},"primaryImageOfPage":{"@id":"https:\/\/mortgagebrokertrishpigott.com\/fr\/mortgages\/mortgage-professional-cost\/#primaryimage"},"datePublished":"2016-09-13T18:53:48+00:00","dateModified":"2017-01-15T04:07:52+00:00","description":"Pitt Meadows Mortgage Broker, Maple Ridge Mortgage Broker, Pitt Meadows Mortgage Brokerage, Maple Ridge Mortgage Brokerage, Mortgage Rates, Pitt Meadows Mortgage, Maple Ridge Mortgage, mortgage broker pitt meadows, pitt meadows mortgage brokers, pitt meadows home finance, pitt meadows mortgage rates, home buyer pitt meadows, pre-approval pitt meadows, pitt meadows financing expert, pitt meadows refinance, pitt meadows second mortgage, support local, first responder program, lowest mortgage rates, mortgage rates, dominion lending","breadcrumb":{"@id":"https:\/\/mortgagebrokertrishpigott.com\/fr\/mortgages\/mortgage-professional-cost\/#breadcrumb"},"inLanguage":"fr-FR","potentialAction":[{"@type":"ReadAction","target":["https:\/\/mortgagebrokertrishpigott.com\/fr\/mortgages\/mortgage-professional-cost\/"]}]},{"@type":"BreadcrumbList","@id":"https:\/\/mortgagebrokertrishpigott.com\/fr\/mortgages\/mortgage-professional-cost\/#breadcrumb","itemListElement":[{"@type":"ListItem","position":1,"name":"Home","item":"https:\/\/mortgagebrokertrishpigott.com\/fr\/"},{"@type":"ListItem","position":2,"name":"Mortgages","item":"https:\/\/mortgagebrokertrishpigott.com\/fr\/mortgages\/"},{"@type":"ListItem","position":3,"name":"QUEL EN EST LE CO\u00dbT"}]}]}},"_links":{"self":[{"href":"https:\/\/mortgagebrokertrishpigott.com\/fr\/wp-json\/wp\/v2\/pages\/623"}],"collection":[{"href":"https:\/\/mortgagebrokertrishpigott.com\/fr\/wp-json\/wp\/v2\/pages"}],"about":[{"href":"https:\/\/mortgagebrokertrishpigott.com\/fr\/wp-json\/wp\/v2\/types\/page"}],"author":[{"embeddable":true,"href":"https:\/\/mortgagebrokertrishpigott.com\/fr\/wp-json\/wp\/v2\/users\/1"}],"replies":[{"embeddable":true,"href":"https:\/\/mortgagebrokertrishpigott.com\/fr\/wp-json\/wp\/v2\/comments?post=623"}],"version-history":[{"count":3,"href":"https:\/\/mortgagebrokertrishpigott.com\/fr\/wp-json\/wp\/v2\/pages\/623\/revisions"}],"predecessor-version":[{"id":934,"href":"https:\/\/mortgagebrokertrishpigott.com\/fr\/wp-json\/wp\/v2\/pages\/623\/revisions\/934"}],"up":[{"embeddable":true,"href":"https:\/\/mortgagebrokertrishpigott.com\/fr\/wp-json\/wp\/v2\/pages\/629"}],"wp:featuredmedia":[{"embeddable":true,"href":"https:\/\/mortgagebrokertrishpigott.com\/fr\/wp-json\/wp\/v2\/media\/504"}],"wp:attachment":[{"href":"https:\/\/mortgagebrokertrishpigott.com\/fr\/wp-json\/wp\/v2\/media?parent=623"}],"curies":[{"name":"wp","href":"https:\/\/api.w.org\/{rel}","templated":true}]}}