{"id":627,"date":"2016-09-13T13:48:38","date_gmt":"2016-09-13T17:48:38","guid":{"rendered":"http:\/\/simon.wps.dev\/fr\/refinance\/"},"modified":"2017-01-14T22:58:01","modified_gmt":"2017-01-15T03:58:01","slug":"refinance","status":"publish","type":"page","link":"https:\/\/mortgagebrokertrishpigott.com\/fr\/refinance\/","title":{"rendered":"REFINANCEMENT"},"content":{"rendered":"<blockquote><p>Par exemple, vous avez contribu\u00e9 \u00e0 am\u00e9liorer votre pointage de cr\u00e9dit et \u00eates maintenant admissible au renouvellement de votre hypoth\u00e8que \u00e0 un meilleur taux, ou vous souhaitez stabiliser vos paiements en passant d\u2019une hypoth\u00e8que \u00e0 taux variable \u00e0 une autre dont le taux est fixe.<\/p><\/blockquote>\n<p>Refinancer votre hypoth\u00e8que est \u00e9galement une bonne fa\u00e7on d\u2019utiliser la valeur nette de votre propri\u00e9t\u00e9 pour consolider vos dettes, effectuer des r\u00e9novations, proc\u00e9der \u00e0 des investissements, payer des frais d\u2019\u00e9tudes, ou tout autre projet que vous d\u00e9sirez entreprendre.<\/p>\n<div id=\"request-panel\" class=\"clr\"><\/div>\n","protected":false},"excerpt":{"rendered":"<p>Les Canadiens ont aujourd\u2019hui de nombreuses raisons d\u2019obtenir un pr\u00eat pour le refinancement de leur hypoth\u00e8que.<\/p>\n","protected":false},"author":1,"featured_media":527,"parent":0,"menu_order":0,"comment_status":"closed","ping_status":"closed","template":"","meta":[],"yoast_head":"<!-- This site is optimized with the Yoast SEO plugin v17.1 - https:\/\/yoast.com\/wordpress\/plugins\/seo\/ -->\n<meta name=\"description\" content=\"Pitt Meadows Mortgage Broker, Maple Ridge Mortgage Broker, Pitt Meadows Mortgage Brokerage, Maple Ridge Mortgage Brokerage, Mortgage Rates, Pitt Meadows Mortgage, Maple Ridge Mortgage, mortgage broker pitt meadows, pitt meadows mortgage brokers, pitt meadows home finance, pitt meadows mortgage rates, home buyer pitt meadows, pre-approval pitt meadows, pitt meadows financing expert, pitt meadows refinance, pitt meadows second mortgage, support local, first responder program, lowest mortgage rates, mortgage rates, dominion lending\" \/>\n<meta name=\"robots\" content=\"index, follow, max-snippet:-1, max-image-preview:large, max-video-preview:-1\" \/>\n<link rel=\"canonical\" href=\"https:\/\/mortgagebrokertrishpigott.com\/fr\/refinance\/\" \/>\n<meta property=\"og:locale\" content=\"fr_FR\" \/>\n<meta property=\"og:type\" content=\"article\" \/>\n<meta property=\"og:title\" content=\"REFINANCEMENT - Centres Hypoth\u00e9caires Dominion\" \/>\n<meta property=\"og:description\" content=\"Pitt Meadows Mortgage Broker, Maple Ridge Mortgage Broker, Pitt Meadows Mortgage Brokerage, Maple Ridge Mortgage Brokerage, Mortgage Rates, Pitt Meadows Mortgage, Maple Ridge Mortgage, mortgage broker pitt meadows, pitt meadows mortgage brokers, pitt meadows home finance, pitt meadows mortgage rates, home buyer pitt meadows, pre-approval pitt meadows, pitt meadows financing expert, pitt meadows refinance, pitt meadows second mortgage, support local, first responder program, lowest mortgage rates, mortgage rates, dominion lending\" \/>\n<meta property=\"og:url\" content=\"https:\/\/mortgagebrokertrishpigott.com\/fr\/refinance\/\" \/>\n<meta property=\"og:site_name\" content=\"Centres Hypoth\u00e9caires Dominion\" \/>\n<meta property=\"article:modified_time\" content=\"2017-01-15T03:58:01+00:00\" \/>\n<meta property=\"og:image\" content=\"https:\/\/mortgagebrokertrishpigott.com\/wp-content\/uploads\/2016\/09\/about-refinance.jpg\" \/>\n\t<meta property=\"og:image:width\" content=\"1200\" \/>\n\t<meta property=\"og:image:height\" content=\"611\" \/>\n<meta name=\"twitter:card\" content=\"summary\" \/>\n<script type=\"application\/ld+json\" class=\"yoast-schema-graph\">{\"@context\":\"https:\/\/schema.org\",\"@graph\":[{\"@type\":\"WebSite\",\"@id\":\"https:\/\/mortgagebrokertrishpigott.com\/#website\",\"url\":\"https:\/\/mortgagebrokertrishpigott.com\/\",\"name\":\"Centres Hypoth\\u00e9caires Dominion\",\"description\":\"Just another WordPress site\",\"potentialAction\":[{\"@type\":\"SearchAction\",\"target\":{\"@type\":\"EntryPoint\",\"urlTemplate\":\"https:\/\/mortgagebrokertrishpigott.com\/?s={search_term_string}\"},\"query-input\":\"required name=search_term_string\"}],\"inLanguage\":\"fr-FR\"},{\"@type\":\"ImageObject\",\"@id\":\"https:\/\/mortgagebrokertrishpigott.com\/fr\/refinance\/#primaryimage\",\"inLanguage\":\"fr-FR\",\"url\":\"https:\/\/mortgagebrokertrishpigott.com\/wp-content\/uploads\/2016\/09\/about-refinance.jpg\",\"contentUrl\":\"https:\/\/mortgagebrokertrishpigott.com\/wp-content\/uploads\/2016\/09\/about-refinance.jpg\",\"width\":1200,\"height\":611},{\"@type\":\"WebPage\",\"@id\":\"https:\/\/mortgagebrokertrishpigott.com\/fr\/refinance\/#webpage\",\"url\":\"https:\/\/mortgagebrokertrishpigott.com\/fr\/refinance\/\",\"name\":\"REFINANCEMENT - Centres Hypoth\\u00e9caires Dominion\",\"isPartOf\":{\"@id\":\"https:\/\/mortgagebrokertrishpigott.com\/#website\"},\"primaryImageOfPage\":{\"@id\":\"https:\/\/mortgagebrokertrishpigott.com\/fr\/refinance\/#primaryimage\"},\"datePublished\":\"2016-09-13T17:48:38+00:00\",\"dateModified\":\"2017-01-15T03:58:01+00:00\",\"description\":\"Pitt Meadows Mortgage Broker, Maple Ridge Mortgage Broker, Pitt Meadows Mortgage Brokerage, Maple Ridge Mortgage Brokerage, Mortgage Rates, Pitt Meadows Mortgage, Maple Ridge Mortgage, mortgage broker pitt meadows, pitt meadows mortgage brokers, pitt meadows home finance, pitt meadows mortgage rates, home buyer pitt meadows, pre-approval pitt meadows, pitt meadows financing expert, pitt meadows refinance, pitt meadows second mortgage, support local, first responder program, lowest mortgage rates, mortgage rates, dominion lending\",\"breadcrumb\":{\"@id\":\"https:\/\/mortgagebrokertrishpigott.com\/fr\/refinance\/#breadcrumb\"},\"inLanguage\":\"fr-FR\",\"potentialAction\":[{\"@type\":\"ReadAction\",\"target\":[\"https:\/\/mortgagebrokertrishpigott.com\/fr\/refinance\/\"]}]},{\"@type\":\"BreadcrumbList\",\"@id\":\"https:\/\/mortgagebrokertrishpigott.com\/fr\/refinance\/#breadcrumb\",\"itemListElement\":[{\"@type\":\"ListItem\",\"position\":1,\"name\":\"Home\",\"item\":\"https:\/\/mortgagebrokertrishpigott.com\/fr\/\"},{\"@type\":\"ListItem\",\"position\":2,\"name\":\"REFINANCEMENT\"}]}]}<\/script>\n<!-- \/ Yoast SEO plugin. -->","yoast_head_json":{"description":"Pitt Meadows Mortgage Broker, Maple Ridge Mortgage Broker, Pitt Meadows Mortgage Brokerage, Maple Ridge Mortgage Brokerage, Mortgage Rates, Pitt Meadows Mortgage, Maple Ridge Mortgage, mortgage broker pitt meadows, pitt meadows mortgage brokers, pitt meadows home finance, pitt meadows mortgage rates, home buyer pitt meadows, pre-approval pitt meadows, pitt meadows financing expert, pitt meadows refinance, pitt meadows second mortgage, support local, first responder program, lowest mortgage rates, mortgage rates, dominion lending","robots":{"index":"index","follow":"follow","max-snippet":"max-snippet:-1","max-image-preview":"max-image-preview:large","max-video-preview":"max-video-preview:-1"},"canonical":"https:\/\/mortgagebrokertrishpigott.com\/fr\/refinance\/","og_locale":"fr_FR","og_type":"article","og_title":"REFINANCEMENT - Centres Hypoth\u00e9caires Dominion","og_description":"Pitt Meadows Mortgage Broker, Maple Ridge Mortgage Broker, Pitt Meadows Mortgage Brokerage, Maple Ridge Mortgage Brokerage, Mortgage Rates, Pitt Meadows Mortgage, Maple Ridge Mortgage, mortgage broker pitt meadows, pitt meadows mortgage brokers, pitt meadows home finance, pitt meadows mortgage rates, home buyer pitt meadows, pre-approval pitt meadows, pitt meadows financing expert, pitt meadows refinance, pitt meadows second mortgage, support local, first responder program, lowest mortgage rates, mortgage rates, dominion lending","og_url":"https:\/\/mortgagebrokertrishpigott.com\/fr\/refinance\/","og_site_name":"Centres Hypoth\u00e9caires Dominion","article_modified_time":"2017-01-15T03:58:01+00:00","og_image":[{"width":1200,"height":611,"url":"https:\/\/mortgagebrokertrishpigott.com\/wp-content\/uploads\/2016\/09\/about-refinance.jpg","path":"\/var\/www\/sites\/wps\/sites\/code\/wp-content\/uploads\/2016\/09\/about-refinance.jpg","size":"full","id":527,"alt":"","pixels":733200,"type":"image\/jpeg"}],"twitter_card":"summary","schema":{"@context":"https:\/\/schema.org","@graph":[{"@type":"WebSite","@id":"https:\/\/mortgagebrokertrishpigott.com\/#website","url":"https:\/\/mortgagebrokertrishpigott.com\/","name":"Centres Hypoth\u00e9caires Dominion","description":"Just another WordPress site","potentialAction":[{"@type":"SearchAction","target":{"@type":"EntryPoint","urlTemplate":"https:\/\/mortgagebrokertrishpigott.com\/?s={search_term_string}"},"query-input":"required name=search_term_string"}],"inLanguage":"fr-FR"},{"@type":"ImageObject","@id":"https:\/\/mortgagebrokertrishpigott.com\/fr\/refinance\/#primaryimage","inLanguage":"fr-FR","url":"https:\/\/mortgagebrokertrishpigott.com\/wp-content\/uploads\/2016\/09\/about-refinance.jpg","contentUrl":"https:\/\/mortgagebrokertrishpigott.com\/wp-content\/uploads\/2016\/09\/about-refinance.jpg","width":1200,"height":611},{"@type":"WebPage","@id":"https:\/\/mortgagebrokertrishpigott.com\/fr\/refinance\/#webpage","url":"https:\/\/mortgagebrokertrishpigott.com\/fr\/refinance\/","name":"REFINANCEMENT - Centres Hypoth\u00e9caires Dominion","isPartOf":{"@id":"https:\/\/mortgagebrokertrishpigott.com\/#website"},"primaryImageOfPage":{"@id":"https:\/\/mortgagebrokertrishpigott.com\/fr\/refinance\/#primaryimage"},"datePublished":"2016-09-13T17:48:38+00:00","dateModified":"2017-01-15T03:58:01+00:00","description":"Pitt Meadows Mortgage Broker, Maple Ridge Mortgage Broker, Pitt Meadows Mortgage Brokerage, Maple Ridge Mortgage Brokerage, Mortgage Rates, Pitt Meadows Mortgage, Maple Ridge Mortgage, mortgage broker pitt meadows, pitt meadows mortgage brokers, pitt meadows home finance, pitt meadows mortgage rates, home buyer pitt meadows, pre-approval pitt meadows, pitt meadows financing expert, pitt meadows refinance, pitt meadows second mortgage, support local, first responder program, lowest mortgage rates, mortgage rates, dominion lending","breadcrumb":{"@id":"https:\/\/mortgagebrokertrishpigott.com\/fr\/refinance\/#breadcrumb"},"inLanguage":"fr-FR","potentialAction":[{"@type":"ReadAction","target":["https:\/\/mortgagebrokertrishpigott.com\/fr\/refinance\/"]}]},{"@type":"BreadcrumbList","@id":"https:\/\/mortgagebrokertrishpigott.com\/fr\/refinance\/#breadcrumb","itemListElement":[{"@type":"ListItem","position":1,"name":"Home","item":"https:\/\/mortgagebrokertrishpigott.com\/fr\/"},{"@type":"ListItem","position":2,"name":"REFINANCEMENT"}]}]}},"_links":{"self":[{"href":"https:\/\/mortgagebrokertrishpigott.com\/fr\/wp-json\/wp\/v2\/pages\/627"}],"collection":[{"href":"https:\/\/mortgagebrokertrishpigott.com\/fr\/wp-json\/wp\/v2\/pages"}],"about":[{"href":"https:\/\/mortgagebrokertrishpigott.com\/fr\/wp-json\/wp\/v2\/types\/page"}],"author":[{"embeddable":true,"href":"https:\/\/mortgagebrokertrishpigott.com\/fr\/wp-json\/wp\/v2\/users\/1"}],"replies":[{"embeddable":true,"href":"https:\/\/mortgagebrokertrishpigott.com\/fr\/wp-json\/wp\/v2\/comments?post=627"}],"version-history":[{"count":2,"href":"https:\/\/mortgagebrokertrishpigott.com\/fr\/wp-json\/wp\/v2\/pages\/627\/revisions"}],"predecessor-version":[{"id":932,"href":"https:\/\/mortgagebrokertrishpigott.com\/fr\/wp-json\/wp\/v2\/pages\/627\/revisions\/932"}],"wp:featuredmedia":[{"embeddable":true,"href":"https:\/\/mortgagebrokertrishpigott.com\/fr\/wp-json\/wp\/v2\/media\/527"}],"wp:attachment":[{"href":"https:\/\/mortgagebrokertrishpigott.com\/fr\/wp-json\/wp\/v2\/media?parent=627"}],"curies":[{"name":"wp","href":"https:\/\/api.w.org\/{rel}","templated":true}]}}